{"id":151,"date":"2025-06-22T15:51:03","date_gmt":"2025-06-22T15:51:03","guid":{"rendered":"https:\/\/pressence.olivevirtual.com\/?page_id=151"},"modified":"2025-08-17T22:44:44","modified_gmt":"2025-08-17T22:44:44","slug":"services","status":"publish","type":"page","link":"https:\/\/pressence.olivevirtual.com\/de\/services\/","title":{"rendered":"Services"},"content":{"rendered":"<div data-elementor-type=\"wp-page\" data-elementor-id=\"151\" class=\"elementor elementor-151\">\n\t\t\t\t<div class=\"elementor-element elementor-element-038def1 e-flex e-con-boxed e-con e-parent\" data-id=\"038def1\" data-element_type=\"container\">\n\t\t\t\t\t<div class=\"e-con-inner\">\n\t\t\t\t<div class=\"elementor-element elementor-element-19cbe95 elementor-widget elementor-widget-heading\" data-id=\"19cbe95\" data-element_type=\"widget\" data-widget_type=\"heading.default\">\n\t\t\t\t<div class=\"elementor-widget-container\">\n\t\t\t\t\t<h2 class=\"elementor-heading-title elementor-size-default\">Individuelle Strategien.\nProfessionelle Umsetzung.<\/h2>\t\t\t\t<\/div>\n\t\t\t\t<\/div>\n\t\t\t\t<div class=\"elementor-element elementor-element-1174972 elementor-widget elementor-widget-text-editor\" data-id=\"1174972\" data-element_type=\"widget\" data-widget_type=\"text-editor.default\">\n\t\t\t\t<div class=\"elementor-widget-container\">\n\t\t\t\t\t\t\t\t\t<p class=\"translation-block\">Pressence steht f\u00fcr durchdachte Kommunikation und erfolgreiche Umsetzung: Wir begleiten Marken von der Strategie bis zur konkreten Aktivierung.<\/p><p>\u00a0<\/p>\t\t\t\t\t\t\t\t<\/div>\n\t\t\t\t<\/div>\n\t\t\t\t\t<\/div>\n\t\t\t\t<\/div>\n\t\t<div class=\"elementor-element elementor-element-d18532b e-flex e-con-boxed e-con e-parent\" data-id=\"d18532b\" data-element_type=\"container\" data-settings=\"{&quot;background_background&quot;:&quot;classic&quot;}\">\n\t\t\t\t\t<div class=\"e-con-inner\">\n\t\t<div class=\"elementor-element elementor-element-95810e1 e-con-full e-flex e-con e-child\" data-id=\"95810e1\" data-element_type=\"container\">\n\t\t\t\t<div class=\"elementor-element elementor-element-0f6e884 elementor-widget elementor-widget-text-editor\" data-id=\"0f6e884\" data-element_type=\"widget\" data-widget_type=\"text-editor.default\">\n\t\t\t\t<div class=\"elementor-widget-container\">\n\t\t\t\t\t\t\t\t\t<p>Bei uns gibt es keine Standardl\u00f6sungen<\/p>\t\t\t\t\t\t\t\t<\/div>\n\t\t\t\t<\/div>\n\t\t\t\t<div class=\"elementor-element elementor-element-c44ef3a elementor-widget elementor-widget-text-editor\" data-id=\"c44ef3a\" data-element_type=\"widget\" data-widget_type=\"text-editor.default\">\n\t\t\t\t<div class=\"elementor-widget-container\">\n\t\t\t\t\t\t\t\t\t<p>Wir schaffen neue Perspektiven und gestalten unsere Arbeit um das Wesen jeder Marke.<\/p>\t\t\t\t\t\t\t\t<\/div>\n\t\t\t\t<\/div>\n\t\t\t\t<\/div>\n\t\t<div class=\"elementor-element elementor-element-620e395 e-con-full e-flex e-con e-child\" data-id=\"620e395\" data-element_type=\"container\">\n\t\t\t\t<div class=\"elementor-element elementor-element-9e733a6 elementor-widget elementor-widget-image\" data-id=\"9e733a6\" data-element_type=\"widget\" data-widget_type=\"image.default\">\n\t\t\t\t<div class=\"elementor-widget-container\">\n\t\t\t\t\t\t\t\t\t\t\t\t\t\t\t<img fetchpriority=\"high\" decoding=\"async\" width=\"2560\" height=\"1707\" src=\"https:\/\/pressence.olivevirtual.com\/wp-content\/uploads\/2025\/06\/communications-agency-scaled.webp\" class=\"attachment-full size-full wp-image-273\" alt=\"\" srcset=\"https:\/\/pressence.olivevirtual.com\/wp-content\/uploads\/2025\/06\/communications-agency-scaled.webp 2560w, https:\/\/pressence.olivevirtual.com\/wp-content\/uploads\/2025\/06\/communications-agency-300x200.webp 300w, https:\/\/pressence.olivevirtual.com\/wp-content\/uploads\/2025\/06\/communications-agency-1024x683.webp 1024w, https:\/\/pressence.olivevirtual.com\/wp-content\/uploads\/2025\/06\/communications-agency-768x512.webp 768w, https:\/\/pressence.olivevirtual.com\/wp-content\/uploads\/2025\/06\/communications-agency-1536x1024.webp 1536w, https:\/\/pressence.olivevirtual.com\/wp-content\/uploads\/2025\/06\/communications-agency-2048x1365.webp 2048w, https:\/\/pressence.olivevirtual.com\/wp-content\/uploads\/2025\/06\/communications-agency-18x12.webp 18w\" sizes=\"(max-width: 2560px) 100vw, 2560px\" \/>\t\t\t\t\t\t\t\t\t\t\t\t\t\t\t<\/div>\n\t\t\t\t<\/div>\n\t\t\t\t<\/div>\n\t\t\t\t\t<\/div>\n\t\t\t\t<\/div>\n\t\t<div class=\"elementor-element elementor-element-7518ca2 e-flex e-con-boxed e-con e-parent\" data-id=\"7518ca2\" data-element_type=\"container\">\n\t\t\t\t\t<div class=\"e-con-inner\">\n\t\t<div class=\"elementor-element elementor-element-ea38a58 e-con-full e-flex e-con e-child\" data-id=\"ea38a58\" data-element_type=\"container\">\n\t\t\t\t<div class=\"elementor-element elementor-element-c27d303 elementor-widget elementor-widget-image\" data-id=\"c27d303\" data-element_type=\"widget\" data-widget_type=\"image.default\">\n\t\t\t\t<div class=\"elementor-widget-container\">\n\t\t\t\t\t\t\t\t\t\t\t\t\t\t\t<img decoding=\"async\" width=\"683\" height=\"1024\" src=\"https:\/\/pressence.olivevirtual.com\/wp-content\/uploads\/2025\/08\/Branding-Communication-Agency-683x1024.jpg\" class=\"attachment-large size-large wp-image-1310\" alt=\"\" srcset=\"https:\/\/pressence.olivevirtual.com\/wp-content\/uploads\/2025\/08\/Branding-Communication-Agency-683x1024.jpg 683w, https:\/\/pressence.olivevirtual.com\/wp-content\/uploads\/2025\/08\/Branding-Communication-Agency-200x300.jpg 200w, https:\/\/pressence.olivevirtual.com\/wp-content\/uploads\/2025\/08\/Branding-Communication-Agency-768x1152.jpg 768w, https:\/\/pressence.olivevirtual.com\/wp-content\/uploads\/2025\/08\/Branding-Communication-Agency-1024x1536.jpg 1024w, https:\/\/pressence.olivevirtual.com\/wp-content\/uploads\/2025\/08\/Branding-Communication-Agency-1365x2048.jpg 1365w, https:\/\/pressence.olivevirtual.com\/wp-content\/uploads\/2025\/08\/Branding-Communication-Agency-8x12.jpg 8w, https:\/\/pressence.olivevirtual.com\/wp-content\/uploads\/2025\/08\/Branding-Communication-Agency-scaled.jpg 1707w\" sizes=\"(max-width: 683px) 100vw, 683px\" \/>\t\t\t\t\t\t\t\t\t\t\t\t\t\t\t<\/div>\n\t\t\t\t<\/div>\n\t\t\t\t<\/div>\n\t\t<div class=\"elementor-element elementor-element-d97098d e-con-full e-flex e-con e-child\" data-id=\"d97098d\" data-element_type=\"container\">\n\t\t\t\t<div class=\"elementor-element elementor-element-ed7b49e elementor-widget elementor-widget-text-editor\" data-id=\"ed7b49e\" data-element_type=\"widget\" data-widget_type=\"text-editor.default\">\n\t\t\t\t<div class=\"elementor-widget-container\">\n\t\t\t\t\t\t\t\t\t<p>Ob Klarheit, Sichtbarkeit oder Ausrichtung - Unser Ansatz vereint strategische Weitsicht, kreative Gestaltung und praktische Umsetzung.<\/p>\t\t\t\t\t\t\t\t<\/div>\n\t\t\t\t<\/div>\n\t\t\t\t<div class=\"elementor-element elementor-element-6b3066d elementor-align-left animate-phone-icon elementor-widget elementor-widget-button\" data-id=\"6b3066d\" data-element_type=\"widget\" data-widget_type=\"button.default\">\n\t\t\t\t<div class=\"elementor-widget-container\">\n\t\t\t\t\t\t\t\t\t<div class=\"elementor-button-wrapper\">\n\t\t\t\t\t<a class=\"elementor-button elementor-button-link elementor-size-sm\" href=\"https:\/\/pressence.olivevirtual.com\/de\/book-a-call\/\">\n\t\t\t\t\t\t<span class=\"elementor-button-content-wrapper\">\n\t\t\t\t\t\t<span class=\"elementor-button-icon\">\n\t\t\t\t<svg aria-hidden=\"true\" class=\"e-font-icon-svg e-fas-phone-alt\" viewbox=\"0 0 512 512\" xmlns=\"http:\/\/www.w3.org\/2000\/svg\"><path d=\"M497.39 361.8l-112-48a24 24 0 0 0-28 6.9l-49.6 60.6A370.66 370.66 0 0 1 130.6 204.11l60.6-49.6a23.94 23.94 0 0 0 6.9-28l-48-112A24.16 24.16 0 0 0 122.6.61l-104 24A24 24 0 0 0 0 48c0 256.5 207.9 464 464 464a24 24 0 0 0 23.4-18.6l24-104a24.29 24.29 0 0 0-14.01-27.6z\"><\/path><\/svg>\t\t\t<\/span>\n\t\t\t\t\t\t\t\t\t<span class=\"elementor-button-text\">Book a call<\/span>\n\t\t\t\t\t<\/span>\n\t\t\t\t\t<\/a>\n\t\t\t\t<\/div>\n\t\t\t\t\t\t\t\t<\/div>\n\t\t\t\t<\/div>\n\t\t\t\t<\/div>\n\t\t\t\t\t<\/div>\n\t\t\t\t<\/div>\n\t\t<div class=\"elementor-element elementor-element-998e0f6 e-flex e-con-boxed e-con e-parent\" data-id=\"998e0f6\" data-element_type=\"container\">\n\t\t\t\t\t<div class=\"e-con-inner\">\n\t\t\t\t<div class=\"elementor-element elementor-element-139145c elementor-widget elementor-widget-heading\" data-id=\"139145c\" data-element_type=\"widget\" data-widget_type=\"heading.default\">\n\t\t\t\t<div class=\"elementor-widget-container\">\n\t\t\t\t\t<h2 class=\"elementor-heading-title elementor-size-default\">Unsere Kernkompetenzen<\/h2>\t\t\t\t<\/div>\n\t\t\t\t<\/div>\n\t\t\t\t<div class=\"elementor-element elementor-element-592f13c elementor-widget elementor-widget-text-editor\" data-id=\"592f13c\" data-element_type=\"widget\" data-widget_type=\"text-editor.default\">\n\t\t\t\t<div class=\"elementor-widget-container\">\n\t\t\t\t\t\t\t\t\t<p>Entfalten wir gemeinsam das Potenzial Ihrer Marke<\/p>\t\t\t\t\t\t\t\t<\/div>\n\t\t\t\t<\/div>\n\t\t\t\t\t<\/div>\n\t\t\t\t<\/div>\n\t\t<div class=\"elementor-element elementor-element-6b4b508 e-con-full e-flex e-con e-parent\" data-id=\"6b4b508\" data-element_type=\"container\">\n\t\t<div class=\"elementor-element elementor-element-b146d37 e-con-full animated-slow e-flex elementor-invisible e-con e-child\" data-id=\"b146d37\" data-element_type=\"container\" data-settings=\"{&quot;background_background&quot;:&quot;classic&quot;,&quot;animation&quot;:&quot;fadeInLeft&quot;}\">\n\t\t\t\t<div class=\"elementor-element elementor-element-4c4cc31 elementor-widget__width-initial elementor-widget elementor-widget-heading\" data-id=\"4c4cc31\" data-element_type=\"widget\" data-widget_type=\"heading.default\">\n\t\t\t\t<div class=\"elementor-widget-container\">\n\t\t\t\t\t<h2 class=\"elementor-heading-title elementor-size-default\">STRATEGISCHE BRAND COMMUNICATION<\/h2>\t\t\t\t<\/div>\n\t\t\t\t<\/div>\n\t\t\t\t<div class=\"elementor-element elementor-element-d6e8f6d elementor-widget__width-initial elementor-widget elementor-widget-text-editor\" data-id=\"d6e8f6d\" data-element_type=\"widget\" data-widget_type=\"text-editor.default\">\n\t\t\t\t<div class=\"elementor-widget-container\">\n\t\t\t\t\t\t\t\t\t<p>Gemeinsam mit Ihnen analysieren und sch\u00e4rfen wir Ihre Markenpositionierung. <br \/>Wir erstellen ein klares Profil mit \u00fcberzeugenden USPs und entwickeln ein wirkungsvolles Storytelling, das langfristig auf die gezielte sowie effektive Kommunikationsstrategie einzahlt \u2013 nach au\u00dfen wie nach innen.<\/p>\t\t\t\t\t\t\t\t<\/div>\n\t\t\t\t<\/div>\n\t\t\t\t<\/div>\n\t\t<div class=\"elementor-element elementor-element-e39009b e-con-full e-flex e-con e-child\" data-id=\"e39009b\" data-element_type=\"container\">\n\t\t\t\t<\/div>\n\t\t\t\t<\/div>\n\t\t<div class=\"elementor-element elementor-element-20646e6 e-con-full e-flex e-con e-parent\" data-id=\"20646e6\" data-element_type=\"container\">\n\t\t<div class=\"elementor-element elementor-element-43f4779 e-con-full animated-slow e-flex elementor-invisible e-con e-child\" data-id=\"43f4779\" data-element_type=\"container\" data-settings=\"{&quot;background_background&quot;:&quot;classic&quot;,&quot;animation&quot;:&quot;fadeInRight&quot;,&quot;animation_delay&quot;:200}\">\n\t\t\t\t<div class=\"elementor-element elementor-element-2041f8c elementor-widget__width-initial elementor-widget elementor-widget-heading\" data-id=\"2041f8c\" data-element_type=\"widget\" data-widget_type=\"heading.default\">\n\t\t\t\t<div class=\"elementor-widget-container\">\n\t\t\t\t\t<h2 class=\"elementor-heading-title elementor-size-default\">Brand Activation<\/h2>\t\t\t\t<\/div>\n\t\t\t\t<\/div>\n\t\t\t\t<div class=\"elementor-element elementor-element-36d9d15 elementor-widget__width-initial elementor-widget elementor-widget-text-editor\" data-id=\"36d9d15\" data-element_type=\"widget\" data-widget_type=\"text-editor.default\">\n\t\t\t\t<div class=\"elementor-widget-container\">\n\t\t\t\t\t\t\t\t\t<p>Wir verwandeln Markenstrategien in gelebte Realit\u00e4t \u2013 mit Konzeptst\u00e4rke, Organisationstalent und einem feinen Gesp\u00fcr f\u00fcrs Detail. Von der konkreten Ma\u00dfnahmenplanung bis zur internen und externen Markenaktivierung begleiten wir Sie verl\u00e4sslich durch alle Umsetzungsphasen.<\/p>\t\t\t\t\t\t\t\t<\/div>\n\t\t\t\t<\/div>\n\t\t\t\t<\/div>\n\t\t<div class=\"elementor-element elementor-element-2ffb713 e-con-full e-flex e-con e-child\" data-id=\"2ffb713\" data-element_type=\"container\">\n\t\t\t\t<\/div>\n\t\t\t\t<\/div>\n\t\t<div class=\"elementor-element elementor-element-1370b39 e-con-full e-flex e-con e-parent\" data-id=\"1370b39\" data-element_type=\"container\">\n\t\t<div class=\"elementor-element elementor-element-e657c8d e-con-full animated-slow e-flex elementor-invisible e-con e-child\" data-id=\"e657c8d\" data-element_type=\"container\" data-settings=\"{&quot;background_background&quot;:&quot;classic&quot;,&quot;animation&quot;:&quot;fadeInLeft&quot;,&quot;animation_delay&quot;:200}\">\n\t\t\t\t<div class=\"elementor-element elementor-element-32d679e elementor-widget__width-initial elementor-widget elementor-widget-heading\" data-id=\"32d679e\" data-element_type=\"widget\" data-widget_type=\"heading.default\">\n\t\t\t\t<div class=\"elementor-widget-container\">\n\t\t\t\t\t<h2 class=\"elementor-heading-title elementor-size-default\">UNTERST\u00dcTZUNG BEI PR- UND \u00d6FFENTLICHKEITSARBEIT<\/h2>\t\t\t\t<\/div>\n\t\t\t\t<\/div>\n\t\t\t\t<div class=\"elementor-element elementor-element-555107b elementor-widget__width-initial elementor-widget elementor-widget-text-editor\" data-id=\"555107b\" data-element_type=\"widget\" data-widget_type=\"text-editor.default\">\n\t\t\t\t<div class=\"elementor-widget-container\">\n\t\t\t\t\t\t\t\t\t<p>Wir sorgen daf\u00fcr, dass Ihre Marke in Bild und Wort \u00fcber alle Kan\u00e4le hinweg ein klares und einheitliches Profil zeigt. Dazu erstellen wir Pressemitteilungen, verteilen sie \u00fcber unser Pressence-Netzwerk und sprechen gezielt relevante Medien an. So bringen wir Ihre Themen dorthin, wo sie geh\u00f6rt werden, und sorgen f\u00fcr einen starken, bleibenden Eindruck bei Ihren G\u00e4sten und Partnern.<\/p>\t\t\t\t\t\t\t\t<\/div>\n\t\t\t\t<\/div>\n\t\t\t\t<\/div>\n\t\t<div class=\"elementor-element elementor-element-6e20c17 e-con-full e-flex e-con e-child\" data-id=\"6e20c17\" data-element_type=\"container\">\n\t\t\t\t<\/div>\n\t\t\t\t<\/div>\n\t\t<div class=\"elementor-element elementor-element-8e9a5d4 e-con-full e-flex e-con e-parent\" data-id=\"8e9a5d4\" data-element_type=\"container\">\n\t\t<div class=\"elementor-element elementor-element-dd58aca e-con-full animated-slow e-flex elementor-invisible e-con e-child\" data-id=\"dd58aca\" data-element_type=\"container\" data-settings=\"{&quot;background_background&quot;:&quot;classic&quot;,&quot;animation&quot;:&quot;fadeInRight&quot;,&quot;animation_delay&quot;:200}\">\n\t\t\t\t<div class=\"elementor-element elementor-element-aa4f1d0 elementor-widget__width-initial elementor-widget elementor-widget-heading\" data-id=\"aa4f1d0\" data-element_type=\"widget\" data-widget_type=\"heading.default\">\n\t\t\t\t<div class=\"elementor-widget-container\">\n\t\t\t\t\t<h2 class=\"elementor-heading-title elementor-size-default\">Initiierung und Organisation von Events<\/h2>\t\t\t\t<\/div>\n\t\t\t\t<\/div>\n\t\t\t\t<div class=\"elementor-element elementor-element-b8ae4e4 elementor-widget__width-initial elementor-widget elementor-widget-text-editor\" data-id=\"b8ae4e4\" data-element_type=\"widget\" data-widget_type=\"text-editor.default\">\n\t\t\t\t<div class=\"elementor-widget-container\">\n\t\t\t\t\t\t\t\t\t<p>Wir helfen Ihnen, kreative Eventformate zu entwickeln, die Ihre Marke erlebbar machen \u2013 strategisch geplant, zielgerichtet umgesetzt und mit Blick f\u00fcrs Detail. Ob zur Aktivierung neuer Zielgruppen oder zur Erschlie\u00dfung von Wachstumspotenzialen \u2013 wir schaffen nachhaltige Wirkung, intern wie extern.<\/p>\t\t\t\t\t\t\t\t<\/div>\n\t\t\t\t<\/div>\n\t\t\t\t<\/div>\n\t\t<div class=\"elementor-element elementor-element-62687bf e-con-full e-flex e-con e-child\" data-id=\"62687bf\" data-element_type=\"container\">\n\t\t\t\t<\/div>\n\t\t\t\t<\/div>\n\t\t<div class=\"elementor-element elementor-element-604d62b e-flex e-con-boxed e-con e-parent\" data-id=\"604d62b\" data-element_type=\"container\">\n\t\t\t\t\t<div class=\"e-con-inner\">\n\t\t\t\t<div class=\"elementor-element elementor-element-9be6588 elementor-align-center animate-phone-icon elementor-widget elementor-widget-button\" data-id=\"9be6588\" data-element_type=\"widget\" data-widget_type=\"button.default\">\n\t\t\t\t<div class=\"elementor-widget-container\">\n\t\t\t\t\t\t\t\t\t<div class=\"elementor-button-wrapper\">\n\t\t\t\t\t<a class=\"elementor-button elementor-button-link elementor-size-sm\" href=\"https:\/\/pressence.olivevirtual.com\/de\/book-a-call\/\">\n\t\t\t\t\t\t<span class=\"elementor-button-content-wrapper\">\n\t\t\t\t\t\t<span class=\"elementor-button-icon\">\n\t\t\t\t<svg aria-hidden=\"true\" class=\"e-font-icon-svg e-fas-phone-alt\" viewbox=\"0 0 512 512\" xmlns=\"http:\/\/www.w3.org\/2000\/svg\"><path d=\"M497.39 361.8l-112-48a24 24 0 0 0-28 6.9l-49.6 60.6A370.66 370.66 0 0 1 130.6 204.11l60.6-49.6a23.94 23.94 0 0 0 6.9-28l-48-112A24.16 24.16 0 0 0 122.6.61l-104 24A24 24 0 0 0 0 48c0 256.5 207.9 464 464 464a24 24 0 0 0 23.4-18.6l24-104a24.29 24.29 0 0 0-14.01-27.6z\"><\/path><\/svg>\t\t\t<\/span>\n\t\t\t\t\t\t\t\t\t<span class=\"elementor-button-text\">Book a call<\/span>\n\t\t\t\t\t<\/span>\n\t\t\t\t\t<\/a>\n\t\t\t\t<\/div>\n\t\t\t\t\t\t\t\t<\/div>\n\t\t\t\t<\/div>\n\t\t\t\t\t<\/div>\n\t\t\t\t<\/div>\n\t\t<div class=\"elementor-element elementor-element-ae7a763 e-flex e-con-boxed e-con e-parent\" data-id=\"ae7a763\" data-element_type=\"container\" data-settings=\"{&quot;background_background&quot;:&quot;classic&quot;}\">\n\t\t\t\t\t<div class=\"e-con-inner\">\n\t\t<div class=\"elementor-element elementor-element-94881ed e-con-full e-flex e-con e-child\" data-id=\"94881ed\" data-element_type=\"container\">\n\t\t\t\t<div class=\"elementor-element elementor-element-ff2de22 elementor-widget elementor-widget-text-editor\" data-id=\"ff2de22\" data-element_type=\"widget\" data-widget_type=\"text-editor.default\">\n\t\t\t\t<div class=\"elementor-widget-container\">\n\t\t\t\t\t\t\t\t\t<p>Wir unterst\u00fctzen Marken dabei, ihre vorhandene St\u00e4rke zu entfalten und stetig weiter zu wachsen.<\/p>\t\t\t\t\t\t\t\t<\/div>\n\t\t\t\t<\/div>\n\t\t\t\t<\/div>\n\t\t<div class=\"elementor-element elementor-element-01f77fc e-con-full e-flex e-con e-child\" data-id=\"01f77fc\" data-element_type=\"container\">\n\t\t\t\t<div class=\"elementor-element elementor-element-999e9a6 elementor-widget elementor-widget-image\" data-id=\"999e9a6\" data-element_type=\"widget\" data-widget_type=\"image.default\">\n\t\t\t\t<div class=\"elementor-widget-container\">\n\t\t\t\t\t\t\t\t\t\t\t\t\t\t\t<img decoding=\"async\" width=\"703\" height=\"1024\" src=\"https:\/\/pressence.olivevirtual.com\/wp-content\/uploads\/2025\/07\/Hotel-Branding-Communication-Agency-4-703x1024.jpg\" class=\"attachment-large size-large wp-image-873\" alt=\"\" srcset=\"https:\/\/pressence.olivevirtual.com\/wp-content\/uploads\/2025\/07\/Hotel-Branding-Communication-Agency-4-703x1024.jpg 703w, https:\/\/pressence.olivevirtual.com\/wp-content\/uploads\/2025\/07\/Hotel-Branding-Communication-Agency-4-206x300.jpg 206w, https:\/\/pressence.olivevirtual.com\/wp-content\/uploads\/2025\/07\/Hotel-Branding-Communication-Agency-4-768x1118.jpg 768w, https:\/\/pressence.olivevirtual.com\/wp-content\/uploads\/2025\/07\/Hotel-Branding-Communication-Agency-4-1055x1536.jpg 1055w, https:\/\/pressence.olivevirtual.com\/wp-content\/uploads\/2025\/07\/Hotel-Branding-Communication-Agency-4-1406x2048.jpg 1406w, https:\/\/pressence.olivevirtual.com\/wp-content\/uploads\/2025\/07\/Hotel-Branding-Communication-Agency-4-8x12.jpg 8w, https:\/\/pressence.olivevirtual.com\/wp-content\/uploads\/2025\/07\/Hotel-Branding-Communication-Agency-4-scaled.jpg 1758w\" sizes=\"(max-width: 703px) 100vw, 703px\" \/>\t\t\t\t\t\t\t\t\t\t\t\t\t\t\t<\/div>\n\t\t\t\t<\/div>\n\t\t\t\t<\/div>\n\t\t\t\t\t<\/div>\n\t\t\t\t<\/div>\n\t\t<div class=\"elementor-element elementor-element-8a0bd66 e-flex e-con-boxed e-con e-parent\" data-id=\"8a0bd66\" data-element_type=\"container\">\n\t\t\t\t\t<div class=\"e-con-inner\">\n\t\t\t\t<div class=\"elementor-element elementor-element-1ae6d6c elementor-widget elementor-widget-text-editor\" data-id=\"1ae6d6c\" data-element_type=\"widget\" data-widget_type=\"text-editor.default\">\n\t\t\t\t<div class=\"elementor-widget-container\">\n\t\t\t\t\t\t\t\t\t<p>Jede Zusammenarbeit beginnt mit einem Gespr\u00e4ch.<\/p>\t\t\t\t\t\t\t\t<\/div>\n\t\t\t\t<\/div>\n\t\t\t\t<div class=\"elementor-element elementor-element-1116c20 elementor-widget elementor-widget-text-editor\" data-id=\"1116c20\" data-element_type=\"widget\" data-widget_type=\"text-editor.default\">\n\t\t\t\t<div class=\"elementor-widget-container\">\n\t\t\t\t\t\t\t\t\t<p>Buchen Sie hier Ihren \u201cBlick von au\u00dfen\u201d<\/p>\t\t\t\t\t\t\t\t<\/div>\n\t\t\t\t<\/div>\n\t\t\t\t<div class=\"elementor-element elementor-element-17d57f0 elementor-align-center animate-phone-icon elementor-widget elementor-widget-button\" data-id=\"17d57f0\" data-element_type=\"widget\" data-widget_type=\"button.default\">\n\t\t\t\t<div class=\"elementor-widget-container\">\n\t\t\t\t\t\t\t\t\t<div class=\"elementor-button-wrapper\">\n\t\t\t\t\t<a class=\"elementor-button elementor-button-link elementor-size-sm\" href=\"https:\/\/pressence.olivevirtual.com\/de\/book-a-call\/\">\n\t\t\t\t\t\t<span class=\"elementor-button-content-wrapper\">\n\t\t\t\t\t\t<span class=\"elementor-button-icon\">\n\t\t\t\t<svg aria-hidden=\"true\" class=\"e-font-icon-svg e-fas-phone-alt\" viewbox=\"0 0 512 512\" xmlns=\"http:\/\/www.w3.org\/2000\/svg\"><path d=\"M497.39 361.8l-112-48a24 24 0 0 0-28 6.9l-49.6 60.6A370.66 370.66 0 0 1 130.6 204.11l60.6-49.6a23.94 23.94 0 0 0 6.9-28l-48-112A24.16 24.16 0 0 0 122.6.61l-104 24A24 24 0 0 0 0 48c0 256.5 207.9 464 464 464a24 24 0 0 0 23.4-18.6l24-104a24.29 24.29 0 0 0-14.01-27.6z\"><\/path><\/svg>\t\t\t<\/span>\n\t\t\t\t\t\t\t\t\t<span class=\"elementor-button-text\">Book a call<\/span>\n\t\t\t\t\t<\/span>\n\t\t\t\t\t<\/a>\n\t\t\t\t<\/div>\n\t\t\t\t\t\t\t\t<\/div>\n\t\t\t\t<\/div>\n\t\t\t\t\t<\/div>\n\t\t\t\t<\/div>\n\t\t\t\t<\/div>","protected":false},"excerpt":{"rendered":"<p>TAILORED STRATEGY. THOUGHTFUL EXECUTION Pressence stands for intelligent communication and successful implementation:We support brands strategically all the way to their activation. \u00a0 We don\u2019t offer standard solutions We create new perspectives and shape our work around the essence of each brand. Whether you need clarity, visibility or a new strategy &#8211; our approach combines the [&hellip;]<\/p>","protected":false},"author":1,"featured_media":0,"parent":0,"menu_order":0,"comment_status":"closed","ping_status":"closed","template":"elementor_header_footer","meta":{"footnotes":""},"class_list":["post-151","page","type-page","status-publish","hentry"],"_links":{"self":[{"href":"https:\/\/pressence.olivevirtual.com\/de\/wp-json\/wp\/v2\/pages\/151","targetHints":{"allow":["GET"]}}],"collection":[{"href":"https:\/\/pressence.olivevirtual.com\/de\/wp-json\/wp\/v2\/pages"}],"about":[{"href":"https:\/\/pressence.olivevirtual.com\/de\/wp-json\/wp\/v2\/types\/page"}],"author":[{"embeddable":true,"href":"https:\/\/pressence.olivevirtual.com\/de\/wp-json\/wp\/v2\/users\/1"}],"replies":[{"embeddable":true,"href":"https:\/\/pressence.olivevirtual.com\/de\/wp-json\/wp\/v2\/comments?post=151"}],"version-history":[{"count":128,"href":"https:\/\/pressence.olivevirtual.com\/de\/wp-json\/wp\/v2\/pages\/151\/revisions"}],"predecessor-version":[{"id":1822,"href":"https:\/\/pressence.olivevirtual.com\/de\/wp-json\/wp\/v2\/pages\/151\/revisions\/1822"}],"wp:attachment":[{"href":"https:\/\/pressence.olivevirtual.com\/de\/wp-json\/wp\/v2\/media?parent=151"}],"curies":[{"name":"wp","href":"https:\/\/api.w.org\/{rel}","templated":true}]}}